{"id":65,"date":"2025-06-29T19:54:13","date_gmt":"2025-06-29T19:54:13","guid":{"rendered":"https:\/\/arviexperiences.com\/home\/"},"modified":"2025-10-26T22:29:45","modified_gmt":"2025-10-26T22:29:45","slug":"home","status":"publish","type":"page","link":"https:\/\/arviexperiences.com\/en\/","title":{"rendered":"Home"},"content":{"rendered":"<div class=\"wp-block-uagb-container uagb-block-bee04707 alignfull uagb-is-root-container\"><div class=\"uagb-container__video-wrap\"><video autoplay loop muted playsinline><source src=\"https:\/\/arviexperiences.com\/wp-content\/uploads\/2025\/07\/Blue-Video-Centric-Sea-YouTube-Outro-1.mp4\" type=\"video\/mp4\"\/><\/video><\/div><div class=\"uagb-container-inner-blocks-wrap\">\n<div data-aos= \"fade\" data-aos-duration=\"400\" data-aos-delay=\"0\" data-aos-easing=\"ease\" data-aos-once=\"true\" class=\"wp-block-uagb-image aligncenter uagb-block-794676c0 wp-block-uagb-image--layout-default wp-block-uagb-image--effect-static wp-block-uagb-image--align-center mi-imagen-animada\"><figure class=\"wp-block-uagb-image__figure\"><img decoding=\"async\" srcset=\"https:\/\/arviexperiences.com\/wp-content\/uploads\/2025\/07\/logo-nuevo.png ,https:\/\/arviexperiences.com\/wp-content\/uploads\/2025\/07\/logo-nuevo.png 780w, https:\/\/arviexperiences.com\/wp-content\/uploads\/2025\/07\/logo-nuevo.png 360w\" sizes=\"auto, (max-width: 480px) 150px\" src=\"https:\/\/arviexperiences.com\/wp-content\/uploads\/2025\/07\/logo-nuevo.png\" alt=\"\" class=\"uag-image-1312\" width=\"350\" height=\"200\" title=\"logo nuevo\" loading=\"lazy\" role=\"img\"\/><\/figure><\/div>\n<\/div><\/div>\n\n\n\n<div class=\"wp-block-uagb-container uagb-block-1c4b3984 alignfull uagb-is-root-container\"><div class=\"uagb-container-inner-blocks-wrap\">\n<div class=\"wp-block-group responsive-fila is-nowrap is-layout-flex wp-container-core-group-is-layout-6c531013 wp-block-group-is-layout-flex\">\n<div class=\"wp-block-uagb-container uagb-block-64749e32\">\n<div class=\"wp-block-uagb-info-box uagb-block-7f9e9467 uagb-infobox__content-wrap  uagb-infobox-icon-above-title uagb-infobox-image-valign-top\"><div class=\"uagb-ifb-content\"><div class=\"uagb-ifb-title-wrap\"><span class=\"uagb-ifb-title-prefix\">Con\u00f3cenos <\/span><h2 class=\"uagb-ifb-title\"><strong>\u200b<\/strong><em>Experiencias Inolvidables. <\/em><\/h2><\/div><p class=\"uagb-ifb-desc\">&nbsp;<strong>&nbsp;<\/strong><br><strong>Arvi es una Firma personal que irradia arte, balance y calma<br>(ABC Experiences). Especializados en el dise\u00f1o de bodas y<br>eventos excepcionales y toque terap\u00e9utico, nuestra propuesta<br>se apoya en una formaci\u00f3n avanzada en arte corporal,<br>bienestar emocional y el dise\u00f1o de vivencias inolvidables,<br>trascendiendo fronteras y conectando con quienes valoran<br>experiencias que van m\u00e1s all\u00e1 de lo convencional, celebrando<br>la belleza natural y la creatividad en cada detalle.<br>Nuestro enfoque se fundamenta en tres pilares esenciales:<br>sostenibilidad consciente, innovaci\u00f3n emocional y<br>excelencia en los detalles. Creemos firmemente que tu<br>tiempo, tu cuerpo \u2014como un templo\u2014 y tu historia<br>merecen algo m\u00e1s que un simple servicio; merecen una<br>experiencia transformadora, dise\u00f1ada para despertar tus<br>sentidos y resonar en tu memoria de manera sutil pero<br>profunda.<\/strong><\/p><\/div><\/div>\n<\/div>\n\n\n\n<div class=\"wp-block-uagb-container uag-hide-tab uagb-block-319c0f1c\">\n<div class=\"wp-block-uagb-image uagb-block-eeaee521 wp-block-uagb-image--layout-default wp-block-uagb-image--effect-static wp-block-uagb-image--align-none\"><figure class=\"wp-block-uagb-image__figure\"><img decoding=\"async\" srcset=\"https:\/\/arviexperiences.com\/wp-content\/uploads\/2025\/07\/DSC1471-1-683x1024.jpg ,https:\/\/arviexperiences.com\/wp-content\/uploads\/2025\/07\/DSC1471-1-scaled.jpg 780w, https:\/\/arviexperiences.com\/wp-content\/uploads\/2025\/07\/DSC1471-1-scaled.jpg 360w\" sizes=\"auto, (max-width: 480px) 150px\" src=\"https:\/\/arviexperiences.com\/wp-content\/uploads\/2025\/07\/DSC1471-1-683x1024.jpg\" alt=\"\" class=\"uag-image-1271\" width=\"400\" height=\"600\" title=\"_DSC1471\" loading=\"lazy\" role=\"img\"\/><\/figure><\/div>\n<\/div>\n<\/div>\n<\/div><\/div>\n\n\n\n<div class=\"wp-block-uagb-container uagb-block-b9c90816 alignfull uagb-is-root-container\"><div class=\"uagb-container-inner-blocks-wrap\">\n<div class=\"wp-block-uagb-advanced-heading uagb-block-24301c4a\"><h2 class=\"uagb-heading-text\"><em><strong>ABC<\/strong> EXPERIENCES\u200b<\/em><\/h2><\/div>\n\n\n\n<div class=\"wp-block-uagb-container uagb-layout-flex uagb-block-1def2765\">\n<div class=\"wp-block-uagb-container uagb-block-5a825f19\">\n<div class=\"wp-block-uagb-info-box uagb-block-aaef63a9 uagb-infobox__content-wrap  uagb-infobox-icon-above-title uagb-infobox-image-valign-top\"><div class=\"uagb-ifb-content\"><div class=\"uagb-ifb-title-wrap\"><\/div><div class=\"uagb-ifb-button-wrapper wp-block-button\"><a href=\"\/en\/golden-temple\/\" target=\"_self\" onclick=\"return true;\" class=\"uagb-infobox-cta-link\" rel=\"noopener noreferrer\"><span class=\"uagb-inline-editing\">THERAPEUTIC TOUCH<\/span><svg xmlns=\"https:\/\/www.w3.org\/2000\/svg\" viewbox=\"0 0 256 512\"><path d=\"M64 448c-8.188 0-16.38-3.125-22.62-9.375c-12.5-12.5-12.5-32.75 0-45.25L178.8 256L41.38 118.6c-12.5-12.5-12.5-32.75 0-45.25s32.75-12.5 45.25 0l160 160c12.5 12.5 12.5 32.75 0 45.25l-160 160C80.38 444.9 72.19 448 64 448z\"><\/path><\/svg><\/a><\/div><\/div><\/div>\n\n\n\n<div class=\"wp-block-uagb-image uagb-block-19383bd7 wp-block-uagb-image--layout-default wp-block-uagb-image--effect-zoomin wp-block-uagb-image--align-none\"><figure class=\"wp-block-uagb-image__figure\"><img decoding=\"async\" srcset=\"https:\/\/arviexperiences.com\/wp-content\/uploads\/2025\/07\/gold-temple-1.png ,https:\/\/arviexperiences.com\/wp-content\/uploads\/2025\/07\/gold-temple-1.png 780w, https:\/\/arviexperiences.com\/wp-content\/uploads\/2025\/07\/gold-temple-1.png 360w\" sizes=\"auto, (max-width: 480px) 150px\" src=\"https:\/\/arviexperiences.com\/wp-content\/uploads\/2025\/07\/gold-temple-1.png\" alt=\"\" class=\"uag-image-1177\" width=\"500\" height=\"500\" title=\"gold temple\" loading=\"lazy\" role=\"img\"\/><\/figure><\/div>\n<\/div>\n\n\n\n<div class=\"wp-block-uagb-container uagb-layout-flex uagb-block-f9140c9d\">\n<div class=\"wp-block-uagb-info-box uagb-block-84db6801 uagb-infobox__content-wrap  uagb-infobox-icon-above-title uagb-infobox-image-valign-top\"><div class=\"uagb-ifb-content\"><div class=\"uagb-ifb-title-wrap\"><\/div><div class=\"uagb-ifb-button-wrapper wp-block-button\"><a href=\"\/en\/suenos-de-cristal\/\" target=\"_self\" onclick=\"return true;\" class=\"uagb-infobox-cta-link\" rel=\"noopener noreferrer\"><svg xmlns=\"https:\/\/www.w3.org\/2000\/svg\" viewbox=\"0 0 256 512\"><path d=\"M192 448c-8.188 0-16.38-3.125-22.62-9.375l-160-160c-12.5-12.5-12.5-32.75 0-45.25l160-160c12.5-12.5 32.75-12.5 45.25 0s12.5 32.75 0 45.25L77.25 256l137.4 137.4c12.5 12.5 12.5 32.75 0 45.25C208.4 444.9 200.2 448 192 448z\"><\/path><\/svg><span class=\"uagb-inline-editing\">EVENTS  &amp; WEDDINGS <\/span><\/a><\/div><\/div><\/div>\n\n\n\n<div class=\"wp-block-uagb-image uagb-block-4de1b13d wp-block-uagb-image--layout-default wp-block-uagb-image--effect-zoomin wp-block-uagb-image--align-none .responsive-image\"><figure class=\"wp-block-uagb-image__figure\"><img decoding=\"async\" srcset=\"https:\/\/arviexperiences.com\/wp-content\/uploads\/2025\/10\/suenos-cristal-dorado.png ,https:\/\/arviexperiences.com\/wp-content\/uploads\/2025\/10\/suenos-cristal-dorado.png 780w, https:\/\/arviexperiences.com\/wp-content\/uploads\/2025\/10\/suenos-cristal-dorado.png 360w\" sizes=\"auto, (max-width: 480px) 150px\" src=\"https:\/\/arviexperiences.com\/wp-content\/uploads\/2025\/10\/suenos-cristal-dorado.png\" alt=\"\" class=\"uag-image-1722\" width=\"500\" height=\"500\" title=\"sue\u00f1os cristal dorado\" loading=\"lazy\" role=\"img\"\/><\/figure><\/div>\n<\/div>\n<\/div>\n<\/div><\/div>\n\n\n\n<div class=\"wp-block-cb-carousel-v2 cb-carousel-block\" data-cb-slides-per-view=\"1\" data-cb-slides-per-group=\"1\" data-cb-space-between=\"20\" data-cb-speed=\"1000\" data-cb-loop=\"true\" data-cb-autoplay=\"true\" data-cb-autoplay-speed=\"2000\" data-cb-breakpoints=\"{&quot;768&quot;:{&quot;slidesPerView&quot;:3,&quot;slidesPerGroup&quot;:1}}\"><div class=\"swiper\"><div class=\"cb-wrapper swiper-wrapper\">\n<div class=\"wp-block-cb-slide-v2 cb-slide swiper-slide\">\n<div class=\"wp-block-uagb-image uagb-block-02c3ae88 wp-block-uagb-image--layout-default wp-block-uagb-image--effect-static wp-block-uagb-image--align-none\"><figure class=\"wp-block-uagb-image__figure\"><img decoding=\"async\" srcset=\"https:\/\/arviexperiences.com\/wp-content\/uploads\/2025\/07\/mesa-elegante.jpg ,https:\/\/arviexperiences.com\/wp-content\/uploads\/2025\/07\/mesa-elegante.jpg 780w, https:\/\/arviexperiences.com\/wp-content\/uploads\/2025\/07\/mesa-elegante.jpg 360w\" sizes=\"auto, (max-width: 480px) 150px\" src=\"https:\/\/arviexperiences.com\/wp-content\/uploads\/2025\/07\/mesa-elegante.jpg\" alt=\"\" class=\"uag-image-1285\" width=\"1024\" height=\"500\" title=\"mesa elegante\" loading=\"lazy\" role=\"img\"\/><\/figure><\/div>\n<\/div>\n\n\n\n<div class=\"wp-block-cb-slide-v2 cb-slide swiper-slide\">\n<div class=\"wp-block-uagb-image uagb-block-a10d4c16 wp-block-uagb-image--layout-default wp-block-uagb-image--effect-static wp-block-uagb-image--align-none\"><figure class=\"wp-block-uagb-image__figure\"><img decoding=\"async\" srcset=\"https:\/\/arviexperiences.com\/wp-content\/uploads\/2025\/07\/mesa-floral.jpg ,https:\/\/arviexperiences.com\/wp-content\/uploads\/2025\/07\/mesa-floral.jpg 780w, https:\/\/arviexperiences.com\/wp-content\/uploads\/2025\/07\/mesa-floral.jpg 360w\" sizes=\"auto, (max-width: 480px) 150px\" src=\"https:\/\/arviexperiences.com\/wp-content\/uploads\/2025\/07\/mesa-floral.jpg\" alt=\"\" class=\"uag-image-1286\" width=\"1024\" height=\"500\" title=\"mesa floral\" loading=\"lazy\" role=\"img\"\/><\/figure><\/div>\n<\/div>\n\n\n\n<div class=\"wp-block-cb-slide-v2 cb-slide swiper-slide\">\n<div class=\"wp-block-uagb-image uagb-block-c903888a wp-block-uagb-image--layout-default wp-block-uagb-image--effect-static wp-block-uagb-image--align-none\"><figure class=\"wp-block-uagb-image__figure\"><img decoding=\"async\" srcset=\"https:\/\/arviexperiences.com\/wp-content\/uploads\/2025\/07\/floresa-zules.jpg ,https:\/\/arviexperiences.com\/wp-content\/uploads\/2025\/07\/floresa-zules.jpg 780w, https:\/\/arviexperiences.com\/wp-content\/uploads\/2025\/07\/floresa-zules.jpg 360w\" sizes=\"auto, (max-width: 480px) 150px\" src=\"https:\/\/arviexperiences.com\/wp-content\/uploads\/2025\/07\/floresa-zules.jpg\" alt=\"\" class=\"uag-image-1283\" width=\"1024\" height=\"500\" title=\"floresa zules\" loading=\"lazy\" role=\"img\"\/><\/figure><\/div>\n<\/div>\n\n\n\n<div class=\"wp-block-cb-slide-v2 cb-slide swiper-slide\">\n<div class=\"wp-block-uagb-image uagb-block-b43e8aae wp-block-uagb-image--layout-default wp-block-uagb-image--effect-static wp-block-uagb-image--align-none\"><figure class=\"wp-block-uagb-image__figure\"><img decoding=\"async\" srcset=\"https:\/\/arviexperiences.com\/wp-content\/uploads\/2025\/07\/marco-boda.jpg ,https:\/\/arviexperiences.com\/wp-content\/uploads\/2025\/07\/marco-boda.jpg 780w, https:\/\/arviexperiences.com\/wp-content\/uploads\/2025\/07\/marco-boda.jpg 360w\" sizes=\"auto, (max-width: 480px) 150px\" src=\"https:\/\/arviexperiences.com\/wp-content\/uploads\/2025\/07\/marco-boda.jpg\" alt=\"\" class=\"uag-image-1284\" width=\"1024\" height=\"500\" title=\"marco boda\" loading=\"lazy\" role=\"img\"\/><\/figure><\/div>\n<\/div>\n<\/div><\/div><\/div>\n\n\n\n<div style=\"height:100px\" aria-hidden=\"true\" class=\"wp-block-spacer\"><\/div>\n\n\n\n<div class=\"wp-block-cb-carousel-v2 cb-carousel-block cb-single-slide\" data-cb-slides-per-view=\"1\" data-cb-slides-per-group=\"1\" data-cb-space-between=\"15\" data-cb-speed=\"1000\" data-cb-loop=\"true\" data-cb-autoplay=\"true\" data-cb-autoplay-speed=\"3000\" data-cb-breakpoints=\"{&quot;768&quot;:{&quot;slidesPerView&quot;:1,&quot;slidesPerGroup&quot;:1}}\"><div class=\"swiper\"><div class=\"cb-wrapper swiper-wrapper\">\n<div class=\"wp-block-cb-slide-v2 cb-slide swiper-slide\">\n<div class=\"wp-block-uagb-image aligncenter uagb-block-ef25e751 wp-block-uagb-image--layout-overlay wp-block-uagb-image--effect-static wp-block-uagb-image--align-center\"><figure class=\"wp-block-uagb-image__figure\"><img decoding=\"async\" srcset=\"https:\/\/arviexperiences.com\/wp-content\/uploads\/2025\/07\/g57ec4eae7ab379410ac96bee0b6047da72233749e82878d7cb077b53891ad88293680307ffd44439c928ee21fc038bf7c65d65d77b0a9b0144638e2fcc7a3ce7_1280-7504605.jpg ,https:\/\/arviexperiences.com\/wp-content\/uploads\/2025\/07\/g57ec4eae7ab379410ac96bee0b6047da72233749e82878d7cb077b53891ad88293680307ffd44439c928ee21fc038bf7c65d65d77b0a9b0144638e2fcc7a3ce7_1280-7504605.jpg 780w, https:\/\/arviexperiences.com\/wp-content\/uploads\/2025\/07\/g57ec4eae7ab379410ac96bee0b6047da72233749e82878d7cb077b53891ad88293680307ffd44439c928ee21fc038bf7c65d65d77b0a9b0144638e2fcc7a3ce7_1280-7504605-1024x682.jpg 360w\" sizes=\"auto, (max-width: 480px) 150px\" src=\"https:\/\/arviexperiences.com\/wp-content\/uploads\/2025\/07\/g57ec4eae7ab379410ac96bee0b6047da72233749e82878d7cb077b53891ad88293680307ffd44439c928ee21fc038bf7c65d65d77b0a9b0144638e2fcc7a3ce7_1280-7504605.jpg\" alt=\"bridge, nature, shine, night sky, sky, vietnam, night\" class=\"uag-image-1140\" width=\"1280\" height=\"853\" title=\"g57ec4eae7ab379410ac96bee0b6047da72233749e82878d7cb077b53891ad88293680307ffd44439c928ee21fc038bf7c65d65d77b0a9b0144638e2fcc7a3ce7_1280-7504605\" loading=\"lazy\" role=\"img\"\/><div class=\"wp-block-uagb-image--layout-overlay__color-wrapper\"><\/div><div class=\"wp-block-uagb-image--layout-overlay__inner center-center\"><h2 class=\"uagb-image-heading\"><strong>\"Our wedding in Nicaragua was simply perfect. Everything was organised with care and professionalism. We experienced a celebration full of emotion, beauty, and moments we will never forget.\"<\/strong><\/h2><figcaption class=\"uagb-image-caption\"><strong>\u2014 <em>Jorge &amp; Junaysi- Nicaragua\u00a0<\/em><\/strong><\/figcaption><\/div><\/figure><\/div>\n<\/div>\n\n\n\n<div class=\"wp-block-cb-slide-v2 cb-slide swiper-slide\">\n<div class=\"wp-block-uagb-image aligncenter uagb-block-fa3187f7 wp-block-uagb-image--layout-overlay wp-block-uagb-image--effect-static wp-block-uagb-image--align-center\"><figure class=\"wp-block-uagb-image__figure\"><img decoding=\"async\" srcset=\"https:\/\/arviexperiences.com\/wp-content\/uploads\/2025\/07\/bellingrath-gardens-alabama-landscape-scenic-158028-158028.jpg ,https:\/\/arviexperiences.com\/wp-content\/uploads\/2025\/07\/bellingrath-gardens-alabama-landscape-scenic-158028-158028.jpg 780w, https:\/\/arviexperiences.com\/wp-content\/uploads\/2025\/07\/bellingrath-gardens-alabama-landscape-scenic-158028-158028.jpg 360w\" sizes=\"auto, (max-width: 480px) 150px\" src=\"https:\/\/arviexperiences.com\/wp-content\/uploads\/2025\/07\/bellingrath-gardens-alabama-landscape-scenic-158028-158028.jpg\" alt=\"A scenic outdoor garden with vibrant floral displays, perfect for backgrounds or wallpapers.\" class=\"uag-image-1160\" width=\"2201\" height=\"1467\" title=\"bellingrath-gardens-alabama-landscape-scenic-158028-158028\" loading=\"lazy\" role=\"img\"\/><div class=\"wp-block-uagb-image--layout-overlay__color-wrapper\"><\/div><div class=\"wp-block-uagb-image--layout-overlay__inner center-center\"><h2 class=\"uagb-image-heading\"><strong>\"A transformative experience. From the very first contact, everything was handled with care and warmth. I felt completely rejuvenated after the massage. I recommend it with complete confidence.\"<\/strong><\/h2><figcaption class=\"uagb-image-caption\">\u2014 <em>Igemmar Stranberg- Sweden<\/em><\/figcaption><\/div><\/figure><\/div>\n<\/div>\n\n\n\n<div class=\"wp-block-cb-slide-v2 cb-slide swiper-slide\">\n<div class=\"wp-block-uagb-image aligncenter uagb-block-3dd75389 wp-block-uagb-image--layout-overlay wp-block-uagb-image--effect-static wp-block-uagb-image--align-center\"><figure class=\"wp-block-uagb-image__figure\"><img decoding=\"async\" srcset=\"https:\/\/arviexperiences.com\/wp-content\/uploads\/2025\/07\/pexels-photo-334978-334978-scaled.jpg ,https:\/\/arviexperiences.com\/wp-content\/uploads\/2025\/07\/pexels-photo-334978-334978-scaled.jpg 780w, https:\/\/arviexperiences.com\/wp-content\/uploads\/2025\/07\/pexels-photo-334978-334978-1024x683.jpg 360w\" sizes=\"auto, (max-width: 480px) 150px\" src=\"https:\/\/arviexperiences.com\/wp-content\/uploads\/2025\/07\/pexels-photo-334978-334978-scaled.jpg\" alt=\"A tranquil wooden swing hanging in a verdant garden setting, ideal for relaxation.\" class=\"uag-image-1157\" width=\"2560\" height=\"1707\" title=\"pexels-photo-334978-334978\" loading=\"lazy\" role=\"img\"\/><div class=\"wp-block-uagb-image--layout-overlay__color-wrapper\"><\/div><div class=\"wp-block-uagb-image--layout-overlay__inner center-center\"><h2 class=\"uagb-image-heading\"><strong>\"An intimate celebration, full of sophistication and genuine emotion. Every detail was carefully crafted, creating an exclusive and deeply memorable atmosphere. It was an evening we will forever hold in our hearts.\"<\/strong><\/h2><figcaption class=\"uagb-image-caption\">\u2014 <em>Hillary -Nicaragua<\/em><\/figcaption><\/div><\/figure><\/div>\n<\/div>\n<\/div><\/div><\/div>\n\n\n\n<div class=\"wp-block-uagb-advanced-heading uagb-block-93ed462e\"><\/div>","protected":false},"excerpt":{"rendered":"<p>ABC EXPERIENCES\u200b<\/p>","protected":false},"author":1,"featured_media":0,"parent":0,"menu_order":0,"comment_status":"closed","ping_status":"closed","template":"","meta":{"_uag_custom_page_level_css":"","site-sidebar-layout":"no-sidebar","site-content-layout":"plain-container","ast-site-content-layout":"normal-width-container","site-content-style":"unboxed","site-sidebar-style":"unboxed","ast-global-header-display":"","ast-banner-title-visibility":"","ast-main-header-display":"","ast-hfb-above-header-display":"","ast-hfb-below-header-display":"","ast-hfb-mobile-header-display":"","site-post-title":"disabled","ast-breadcrumbs-content":"","ast-featured-img":"disabled","footer-sml-layout":"","theme-transparent-header-meta":"enabled","adv-header-id-meta":"","stick-header-meta":"","header-above-stick-meta":"","header-main-stick-meta":"","header-below-stick-meta":"","astra-migrate-meta-layouts":"set","ast-page-background-enabled":"default","ast-page-background-meta":{"desktop":{"background-color":"var(--ast-global-color-4)","background-image":"","background-repeat":"repeat","background-position":"center center","background-size":"auto","background-attachment":"scroll","background-type":"","background-media":"","overlay-type":"","overlay-color":"","overlay-opacity":"","overlay-gradient":""},"tablet":{"background-color":"","background-image":"","background-repeat":"repeat","background-position":"center center","background-size":"auto","background-attachment":"scroll","background-type":"","background-media":"","overlay-type":"","overlay-color":"","overlay-opacity":"","overlay-gradient":""},"mobile":{"background-color":"","background-image":"","background-repeat":"repeat","background-position":"center center","background-size":"auto","background-attachment":"scroll","background-type":"","background-media":"","overlay-type":"","overlay-color":"","overlay-opacity":"","overlay-gradient":""}},"ast-content-background-meta":{"desktop":{"background-color":"var(--ast-global-color-5)","background-image":"","background-repeat":"repeat","background-position":"center center","background-size":"auto","background-attachment":"scroll","background-type":"","background-media":"","overlay-type":"","overlay-color":"","overlay-opacity":"","overlay-gradient":""},"tablet":{"background-color":"var(--ast-global-color-5)","background-image":"","background-repeat":"repeat","background-position":"center center","background-size":"auto","background-attachment":"scroll","background-type":"","background-media":"","overlay-type":"","overlay-color":"","overlay-opacity":"","overlay-gradient":""},"mobile":{"background-color":"var(--ast-global-color-5)","background-image":"","background-repeat":"repeat","background-position":"center center","background-size":"auto","background-attachment":"scroll","background-type":"","background-media":"","overlay-type":"","overlay-color":"","overlay-opacity":"","overlay-gradient":""}},"footnotes":""},"class_list":["post-65","page","type-page","status-publish","hentry"],"aioseo_notices":[],"uagb_featured_image_src":{"full":false,"thumbnail":false,"medium":false,"medium_large":false,"large":false,"1536x1536":false,"2048x2048":false,"trp-custom-language-flag":false},"uagb_author_info":{"display_name":"arvybolanos@gmail.com","author_link":"https:\/\/arviexperiences.com\/en\/author\/arvybolanosgmail-com\/"},"uagb_comment_info":0,"uagb_excerpt":"ABC EXPERIENCES\u200b","_links":{"self":[{"href":"https:\/\/arviexperiences.com\/en\/wp-json\/wp\/v2\/pages\/65","targetHints":{"allow":["GET"]}}],"collection":[{"href":"https:\/\/arviexperiences.com\/en\/wp-json\/wp\/v2\/pages"}],"about":[{"href":"https:\/\/arviexperiences.com\/en\/wp-json\/wp\/v2\/types\/page"}],"author":[{"embeddable":true,"href":"https:\/\/arviexperiences.com\/en\/wp-json\/wp\/v2\/users\/1"}],"replies":[{"embeddable":true,"href":"https:\/\/arviexperiences.com\/en\/wp-json\/wp\/v2\/comments?post=65"}],"version-history":[{"count":134,"href":"https:\/\/arviexperiences.com\/en\/wp-json\/wp\/v2\/pages\/65\/revisions"}],"predecessor-version":[{"id":1792,"href":"https:\/\/arviexperiences.com\/en\/wp-json\/wp\/v2\/pages\/65\/revisions\/1792"}],"wp:attachment":[{"href":"https:\/\/arviexperiences.com\/en\/wp-json\/wp\/v2\/media?parent=65"}],"curies":[{"name":"wp","href":"https:\/\/api.w.org\/{rel}","templated":true}]}}