{"id":1328,"date":"2025-07-23T19:10:30","date_gmt":"2025-07-23T19:10:30","guid":{"rendered":"https:\/\/arviexperiences.com\/?page_id=1328"},"modified":"2025-07-25T15:48:24","modified_gmt":"2025-07-25T15:48:24","slug":"cookies-policy","status":"publish","type":"page","link":"https:\/\/arviexperiences.com\/en\/cookies-policy\/","title":{"rendered":"Cookies Policy"},"content":{"rendered":"<div style=\"height:150px\" aria-hidden=\"true\" class=\"wp-block-spacer\"><\/div>\n\n\n\n<div class=\"wp-block-uagb-advanced-heading uagb-block-f62e213c\"><h2 class=\"uagb-heading-text\">Cookies Policy - Arvi<\/h2><\/div>\n\n\n\n<pre class=\"wp-block-preformatted has-text-color has-background has-link-color wp-elements-9c65d166098839875f743cedb317a859\" style=\"color:#dab558;background-color:#091935\">At Arvi Experiences, we use cookies to offer you a harmonious, aesthetic, and personalised digital experience, in line with the essence of our services in Spain and Nicaragua. <br><br>What are cookies? <br><br>Cookies are small text files that your device stores when you visit our website. They allow us to improve navigation, tailor our content to your preferences, and provide an experience consistent with our values: personalisation, privacy, and sensory excellence. <br><br>What types of cookies do we use? <br><br>Technical cookies (essential): necessary for the website to function properly (such as page navigation or access to secure areas). <br><br>Personalisation cookies: adapt content to your language, location, or previous preferences (e.g., country selection: Spain, Sweden, or Nicaragua). <br><br>Analytical cookies: help us understand how you navigate the site to improve your experience, using tools like Google Analytics (anonymous data). <br><br>Social media and marketing cookies: used only with your consent, to display relevant content on platforms like Instagram or Pinterest. <br><br>How to manage them <br><br>You can accept, configure, or reject non-essential cookies when first accessing the site, or at any time from our settings panel. <br><br>Arvi Commitment: <br><br>We do not use invasive cookies nor share your information with third parties unrelated to our brand. All browsing is managed with the utmost respect for your privacy and in compliance with European regulations (GDPR) and local regulations applicable in Sweden and Nicaragua. <br><br>More information: <br><br>For any questions about cookie usage or your digital privacy, you can contact us at:\ncontact@arviexperiences.com <\/pre>\n\n\n\n<p><\/p>","protected":false},"excerpt":{"rendered":"<p>Politica de Cookies &#8211; Arvi En Arvi Experiences, usamos cookies para ofrecerte una experiencia digital armoniosa, est\u00e9tica y personalizada, en l\u00ednea con la esencia de nuestros servicios en Espa\u00f1a y Nicaragua. \u00bfQu\u00e9 son las cookies? Las cookies son peque\u00f1os archivos de texto que tu dispositivo almacena cuando visitas nuestro sitio web. Nos permiten mejorar la [&hellip;]<\/p>","protected":false},"author":1,"featured_media":0,"parent":0,"menu_order":0,"comment_status":"closed","ping_status":"closed","template":"","meta":{"_uag_custom_page_level_css":"","site-sidebar-layout":"default","site-content-layout":"","ast-site-content-layout":"default","site-content-style":"default","site-sidebar-style":"default","ast-global-header-display":"","ast-banner-title-visibility":"","ast-main-header-display":"","ast-hfb-above-header-display":"","ast-hfb-below-header-display":"","ast-hfb-mobile-header-display":"","site-post-title":"disabled","ast-breadcrumbs-content":"","ast-featured-img":"","footer-sml-layout":"","theme-transparent-header-meta":"","adv-header-id-meta":"","stick-header-meta":"","header-above-stick-meta":"","header-main-stick-meta":"","header-below-stick-meta":"","astra-migrate-meta-layouts":"set","ast-page-background-enabled":"default","ast-page-background-meta":{"desktop":{"background-color":"var(--ast-global-color-4)","background-image":"","background-repeat":"repeat","background-position":"center center","background-size":"auto","background-attachment":"scroll","background-type":"","background-media":"","overlay-type":"","overlay-color":"","overlay-opacity":"","overlay-gradient":""},"tablet":{"background-color":"","background-image":"","background-repeat":"repeat","background-position":"center center","background-size":"auto","background-attachment":"scroll","background-type":"","background-media":"","overlay-type":"","overlay-color":"","overlay-opacity":"","overlay-gradient":""},"mobile":{"background-color":"","background-image":"","background-repeat":"repeat","background-position":"center center","background-size":"auto","background-attachment":"scroll","background-type":"","background-media":"","overlay-type":"","overlay-color":"","overlay-opacity":"","overlay-gradient":""}},"ast-content-background-meta":{"desktop":{"background-color":"var(--ast-global-color-5)","background-image":"","background-repeat":"repeat","background-position":"center center","background-size":"auto","background-attachment":"scroll","background-type":"","background-media":"","overlay-type":"","overlay-color":"","overlay-opacity":"","overlay-gradient":""},"tablet":{"background-color":"var(--ast-global-color-5)","background-image":"","background-repeat":"repeat","background-position":"center center","background-size":"auto","background-attachment":"scroll","background-type":"","background-media":"","overlay-type":"","overlay-color":"","overlay-opacity":"","overlay-gradient":""},"mobile":{"background-color":"var(--ast-global-color-5)","background-image":"","background-repeat":"repeat","background-position":"center center","background-size":"auto","background-attachment":"scroll","background-type":"","background-media":"","overlay-type":"","overlay-color":"","overlay-opacity":"","overlay-gradient":""}},"footnotes":""},"class_list":["post-1328","page","type-page","status-publish","hentry"],"aioseo_notices":[],"uagb_featured_image_src":{"full":false,"thumbnail":false,"medium":false,"medium_large":false,"large":false,"1536x1536":false,"2048x2048":false,"trp-custom-language-flag":false},"uagb_author_info":{"display_name":"arvybolanos@gmail.com","author_link":"https:\/\/arviexperiences.com\/en\/author\/arvybolanosgmail-com\/"},"uagb_comment_info":0,"uagb_excerpt":"Politica de Cookies &#8211; Arvi En Arvi Experiences, usamos cookies para ofrecerte una experiencia digital armoniosa, est\u00e9tica y personalizada, en l\u00ednea con la esencia de nuestros servicios en Espa\u00f1a y Nicaragua. \u00bfQu\u00e9 son las cookies? Las cookies son peque\u00f1os archivos de texto que tu dispositivo almacena cuando visitas nuestro sitio web. Nos permiten mejorar la&hellip;","_links":{"self":[{"href":"https:\/\/arviexperiences.com\/en\/wp-json\/wp\/v2\/pages\/1328","targetHints":{"allow":["GET"]}}],"collection":[{"href":"https:\/\/arviexperiences.com\/en\/wp-json\/wp\/v2\/pages"}],"about":[{"href":"https:\/\/arviexperiences.com\/en\/wp-json\/wp\/v2\/types\/page"}],"author":[{"embeddable":true,"href":"https:\/\/arviexperiences.com\/en\/wp-json\/wp\/v2\/users\/1"}],"replies":[{"embeddable":true,"href":"https:\/\/arviexperiences.com\/en\/wp-json\/wp\/v2\/comments?post=1328"}],"version-history":[{"count":4,"href":"https:\/\/arviexperiences.com\/en\/wp-json\/wp\/v2\/pages\/1328\/revisions"}],"predecessor-version":[{"id":1431,"href":"https:\/\/arviexperiences.com\/en\/wp-json\/wp\/v2\/pages\/1328\/revisions\/1431"}],"wp:attachment":[{"href":"https:\/\/arviexperiences.com\/en\/wp-json\/wp\/v2\/media?parent=1328"}],"curies":[{"name":"wp","href":"https:\/\/api.w.org\/{rel}","templated":true}]}}