{"id":1326,"date":"2025-07-23T19:10:06","date_gmt":"2025-07-23T19:10:06","guid":{"rendered":"https:\/\/arviexperiences.com\/?page_id=1326"},"modified":"2025-07-25T15:44:04","modified_gmt":"2025-07-25T15:44:04","slug":"legal-base","status":"publish","type":"page","link":"https:\/\/arviexperiences.com\/en\/legal-base\/","title":{"rendered":"Legal Base"},"content":{"rendered":"<div style=\"height:150px\" aria-hidden=\"true\" class=\"wp-block-spacer\"><\/div>\n\n\n\n<div class=\"wp-block-uagb-advanced-heading uagb-block-9937d908\"><h2 class=\"uagb-heading-text\">Legal Bases \u2013 Arvi<\/h2><\/div>\n\n\n\n<pre class=\"wp-block-preformatted has-text-color has-background has-link-color wp-elements-9917e6d3019b5a3e80668f4a53a78398\" style=\"color:#dab558;background-color:#091935\">The processing of your data is based on: <br><br>Your explicit consent. <br><br>The performance of a contract or personalised service. <br><br>Our legitimate interest in providing exceptional and exclusive service. <br><br>Retention and Security <br><br>Your data will be kept only for as long as necessary to fulfil the purpose for which it was collected, or while an active relationship with you exists. <br>We implement high-level technical and organisational measures to ensure the integrity, confidentiality, and availability of your personal information. <br><br>Changes to this Policy <br><br>We may occasionally update this Privacy Policy to adapt to regulatory changes or internal improvements. <br>In the event of significant changes affecting the processing of your data, we will notify you in advance so you can exercise your rights. <br><br>Your Rights <br><br>You have the right to access, rectify, delete, restrict, or object to the processing of your data at any time by submitting a request to: <br>contac@arviexperiences.com <\/pre>","protected":false},"excerpt":{"rendered":"<p>Bases Legales &#8211; Arvi El tratamiento de tus datos se basa en: Tu consentimiento expl\u00edcito. La ejecuci\u00f3n de un contrato o servicio personalizado. Nuestro inter\u00e9s leg\u00edtimo en ofrecer una atenci\u00f3n excepcional y exclusiva. Conservaci\u00f3n y seguridad Tus datos se conservar\u00e1n solo durante el tiempo necesario para cumplir con la finalidad para la que fueron recogidos, [&hellip;]<\/p>","protected":false},"author":1,"featured_media":0,"parent":0,"menu_order":0,"comment_status":"closed","ping_status":"closed","template":"","meta":{"_uag_custom_page_level_css":"","site-sidebar-layout":"default","site-content-layout":"","ast-site-content-layout":"default","site-content-style":"default","site-sidebar-style":"default","ast-global-header-display":"","ast-banner-title-visibility":"","ast-main-header-display":"","ast-hfb-above-header-display":"","ast-hfb-below-header-display":"","ast-hfb-mobile-header-display":"","site-post-title":"disabled","ast-breadcrumbs-content":"","ast-featured-img":"","footer-sml-layout":"","theme-transparent-header-meta":"","adv-header-id-meta":"","stick-header-meta":"","header-above-stick-meta":"","header-main-stick-meta":"","header-below-stick-meta":"","astra-migrate-meta-layouts":"set","ast-page-background-enabled":"default","ast-page-background-meta":{"desktop":{"background-color":"var(--ast-global-color-4)","background-image":"","background-repeat":"repeat","background-position":"center center","background-size":"auto","background-attachment":"scroll","background-type":"","background-media":"","overlay-type":"","overlay-color":"","overlay-opacity":"","overlay-gradient":""},"tablet":{"background-color":"","background-image":"","background-repeat":"repeat","background-position":"center center","background-size":"auto","background-attachment":"scroll","background-type":"","background-media":"","overlay-type":"","overlay-color":"","overlay-opacity":"","overlay-gradient":""},"mobile":{"background-color":"","background-image":"","background-repeat":"repeat","background-position":"center center","background-size":"auto","background-attachment":"scroll","background-type":"","background-media":"","overlay-type":"","overlay-color":"","overlay-opacity":"","overlay-gradient":""}},"ast-content-background-meta":{"desktop":{"background-color":"var(--ast-global-color-5)","background-image":"","background-repeat":"repeat","background-position":"center center","background-size":"auto","background-attachment":"scroll","background-type":"","background-media":"","overlay-type":"","overlay-color":"","overlay-opacity":"","overlay-gradient":""},"tablet":{"background-color":"var(--ast-global-color-5)","background-image":"","background-repeat":"repeat","background-position":"center center","background-size":"auto","background-attachment":"scroll","background-type":"","background-media":"","overlay-type":"","overlay-color":"","overlay-opacity":"","overlay-gradient":""},"mobile":{"background-color":"var(--ast-global-color-5)","background-image":"","background-repeat":"repeat","background-position":"center center","background-size":"auto","background-attachment":"scroll","background-type":"","background-media":"","overlay-type":"","overlay-color":"","overlay-opacity":"","overlay-gradient":""}},"footnotes":""},"class_list":["post-1326","page","type-page","status-publish","hentry"],"aioseo_notices":[],"uagb_featured_image_src":{"full":false,"thumbnail":false,"medium":false,"medium_large":false,"large":false,"1536x1536":false,"2048x2048":false,"trp-custom-language-flag":false},"uagb_author_info":{"display_name":"arvybolanos@gmail.com","author_link":"https:\/\/arviexperiences.com\/en\/author\/arvybolanosgmail-com\/"},"uagb_comment_info":0,"uagb_excerpt":"Bases Legales &#8211; Arvi El tratamiento de tus datos se basa en: Tu consentimiento expl\u00edcito. La ejecuci\u00f3n de un contrato o servicio personalizado. Nuestro inter\u00e9s leg\u00edtimo en ofrecer una atenci\u00f3n excepcional y exclusiva. Conservaci\u00f3n y seguridad Tus datos se conservar\u00e1n solo durante el tiempo necesario para cumplir con la finalidad para la que fueron recogidos,&hellip;","_links":{"self":[{"href":"https:\/\/arviexperiences.com\/en\/wp-json\/wp\/v2\/pages\/1326","targetHints":{"allow":["GET"]}}],"collection":[{"href":"https:\/\/arviexperiences.com\/en\/wp-json\/wp\/v2\/pages"}],"about":[{"href":"https:\/\/arviexperiences.com\/en\/wp-json\/wp\/v2\/types\/page"}],"author":[{"embeddable":true,"href":"https:\/\/arviexperiences.com\/en\/wp-json\/wp\/v2\/users\/1"}],"replies":[{"embeddable":true,"href":"https:\/\/arviexperiences.com\/en\/wp-json\/wp\/v2\/comments?post=1326"}],"version-history":[{"count":3,"href":"https:\/\/arviexperiences.com\/en\/wp-json\/wp\/v2\/pages\/1326\/revisions"}],"predecessor-version":[{"id":1429,"href":"https:\/\/arviexperiences.com\/en\/wp-json\/wp\/v2\/pages\/1326\/revisions\/1429"}],"wp:attachment":[{"href":"https:\/\/arviexperiences.com\/en\/wp-json\/wp\/v2\/media?parent=1326"}],"curies":[{"name":"wp","href":"https:\/\/api.w.org\/{rel}","templated":true}]}}