{"id":1324,"date":"2025-07-23T19:09:36","date_gmt":"2025-07-23T19:09:36","guid":{"rendered":"https:\/\/arviexperiences.com\/?page_id=1324"},"modified":"2025-07-25T15:47:00","modified_gmt":"2025-07-25T15:47:00","slug":"privacy-policy-2","status":"publish","type":"page","link":"https:\/\/arviexperiences.com\/en\/privacy-policy-2\/","title":{"rendered":"Privacy Policy"},"content":{"rendered":"<div style=\"height:150px\" aria-hidden=\"true\" class=\"wp-block-spacer\"><\/div>\n\n\n\n<div class=\"wp-block-uagb-advanced-heading uagb-block-90326f03\"><h2 class=\"uagb-heading-text\"><strong>Pol\u00edtica de Privacidad \u2013 Arvi&nbsp;<\/strong><\/h2><\/div>\n\n\n\n<pre id=\"tw-target-text\" class=\"wp-block-preformatted has-text-color has-background has-link-color wp-elements-1fff533274920b1f48470001b44a9e4b\" style=\"color:#dab558;background-color:#091935\">At Arvi, protecting and respecting your privacy is a fundamental priority. We are committed to handling your personal data with complete confidentiality, transparency, and in compliance with applicable data protection regulations, including the General Data Protection Regulation (GDPR) in the European Union and local regulations in Spain and Nicaragua. <br><br>Purpose of Processing <br><br>The personal data we collect will be used solely to: <br><br>Manage your booking of sensory experiences or exclusive events in a personalised manner. <br><br>Send relevant communications related to your request or experience. <br><br>Improve the quality of our services and optimise your experience on our platform. <br><br>Address your inquiries or individualised service needs (concierge). <br><br>We do not use your data for external commercial purposes nor do we share it with unauthorized third parties. <\/pre>\n\n\n\n<p><\/p>","protected":false},"excerpt":{"rendered":"<p>Pol\u00edtica de Privacidad \u2013 Arvi&nbsp; En Arvi , proteger y respetar tu privacidad es una prioridad fundamental. Nos comprometemos a tratar tus datos personales con absoluta confidencialidad, transparencia y en cumplimiento con la normativa de protecci\u00f3n de datos aplicable, incluyendo el Reglamento General de Protecci\u00f3n de Datos (RGPD) en la Uni\u00f3n Europea y normativas locales [&hellip;]<\/p>","protected":false},"author":1,"featured_media":0,"parent":0,"menu_order":0,"comment_status":"closed","ping_status":"closed","template":"","meta":{"_uag_custom_page_level_css":"","site-sidebar-layout":"default","site-content-layout":"","ast-site-content-layout":"default","site-content-style":"default","site-sidebar-style":"default","ast-global-header-display":"","ast-banner-title-visibility":"","ast-main-header-display":"","ast-hfb-above-header-display":"","ast-hfb-below-header-display":"","ast-hfb-mobile-header-display":"","site-post-title":"disabled","ast-breadcrumbs-content":"","ast-featured-img":"","footer-sml-layout":"","theme-transparent-header-meta":"","adv-header-id-meta":"","stick-header-meta":"","header-above-stick-meta":"","header-main-stick-meta":"","header-below-stick-meta":"","astra-migrate-meta-layouts":"set","ast-page-background-enabled":"default","ast-page-background-meta":{"desktop":{"background-color":"var(--ast-global-color-4)","background-image":"","background-repeat":"repeat","background-position":"center center","background-size":"auto","background-attachment":"scroll","background-type":"","background-media":"","overlay-type":"","overlay-color":"","overlay-opacity":"","overlay-gradient":""},"tablet":{"background-color":"","background-image":"","background-repeat":"repeat","background-position":"center center","background-size":"auto","background-attachment":"scroll","background-type":"","background-media":"","overlay-type":"","overlay-color":"","overlay-opacity":"","overlay-gradient":""},"mobile":{"background-color":"","background-image":"","background-repeat":"repeat","background-position":"center center","background-size":"auto","background-attachment":"scroll","background-type":"","background-media":"","overlay-type":"","overlay-color":"","overlay-opacity":"","overlay-gradient":""}},"ast-content-background-meta":{"desktop":{"background-color":"var(--ast-global-color-5)","background-image":"","background-repeat":"repeat","background-position":"center center","background-size":"auto","background-attachment":"scroll","background-type":"","background-media":"","overlay-type":"","overlay-color":"","overlay-opacity":"","overlay-gradient":""},"tablet":{"background-color":"var(--ast-global-color-5)","background-image":"","background-repeat":"repeat","background-position":"center center","background-size":"auto","background-attachment":"scroll","background-type":"","background-media":"","overlay-type":"","overlay-color":"","overlay-opacity":"","overlay-gradient":""},"mobile":{"background-color":"var(--ast-global-color-5)","background-image":"","background-repeat":"repeat","background-position":"center center","background-size":"auto","background-attachment":"scroll","background-type":"","background-media":"","overlay-type":"","overlay-color":"","overlay-opacity":"","overlay-gradient":""}},"footnotes":""},"class_list":["post-1324","page","type-page","status-publish","hentry"],"aioseo_notices":[],"uagb_featured_image_src":{"full":false,"thumbnail":false,"medium":false,"medium_large":false,"large":false,"1536x1536":false,"2048x2048":false,"trp-custom-language-flag":false},"uagb_author_info":{"display_name":"arvybolanos@gmail.com","author_link":"https:\/\/arviexperiences.com\/en\/author\/arvybolanosgmail-com\/"},"uagb_comment_info":0,"uagb_excerpt":"Pol\u00edtica de Privacidad \u2013 Arvi&nbsp; En Arvi , proteger y respetar tu privacidad es una prioridad fundamental. Nos comprometemos a tratar tus datos personales con absoluta confidencialidad, transparencia y en cumplimiento con la normativa de protecci\u00f3n de datos aplicable, incluyendo el Reglamento General de Protecci\u00f3n de Datos (RGPD) en la Uni\u00f3n Europea y normativas locales&hellip;","_links":{"self":[{"href":"https:\/\/arviexperiences.com\/en\/wp-json\/wp\/v2\/pages\/1324","targetHints":{"allow":["GET"]}}],"collection":[{"href":"https:\/\/arviexperiences.com\/en\/wp-json\/wp\/v2\/pages"}],"about":[{"href":"https:\/\/arviexperiences.com\/en\/wp-json\/wp\/v2\/types\/page"}],"author":[{"embeddable":true,"href":"https:\/\/arviexperiences.com\/en\/wp-json\/wp\/v2\/users\/1"}],"replies":[{"embeddable":true,"href":"https:\/\/arviexperiences.com\/en\/wp-json\/wp\/v2\/comments?post=1324"}],"version-history":[{"count":5,"href":"https:\/\/arviexperiences.com\/en\/wp-json\/wp\/v2\/pages\/1324\/revisions"}],"predecessor-version":[{"id":1643,"href":"https:\/\/arviexperiences.com\/en\/wp-json\/wp\/v2\/pages\/1324\/revisions\/1643"}],"wp:attachment":[{"href":"https:\/\/arviexperiences.com\/en\/wp-json\/wp\/v2\/media?parent=1324"}],"curies":[{"name":"wp","href":"https:\/\/api.w.org\/{rel}","templated":true}]}}