{"id":1192,"date":"2025-07-04T16:27:44","date_gmt":"2025-07-04T16:27:44","guid":{"rendered":"https:\/\/arviexperiences.com\/?page_id=1192"},"modified":"2025-10-15T08:32:54","modified_gmt":"2025-10-15T08:32:54","slug":"suenos-de-cristal","status":"publish","type":"page","link":"https:\/\/arviexperiences.com\/en\/suenos-de-cristal\/","title":{"rendered":"Sue\u00f1os de Cristal"},"content":{"rendered":"<div class=\"wp-block-uagb-container uagb-block-bee04707 default uagb-is-root-container\"><div class=\"uagb-container__video-wrap\"><video autoplay loop muted playsinline><source src=\"https:\/\/arviexperiences.com\/wp-content\/uploads\/2025\/10\/@reallygreatsite.mp4\" type=\"video\/mp4\"\/><\/video><\/div>\n<div data-aos= \"fade\" data-aos-duration=\"400\" data-aos-delay=\"0\" data-aos-easing=\"ease\" data-aos-once=\"true\" class=\"wp-block-uagb-image aligncenter uagb-block-794676c0 wp-block-uagb-image--layout-default wp-block-uagb-image--effect-static wp-block-uagb-image--align-center mi-imagen-animada\"><figure class=\"wp-block-uagb-image__figure\"><img decoding=\"async\" srcset=\"https:\/\/arviexperiences.com\/wp-content\/uploads\/2025\/10\/suenos-cristal-dorado.png ,https:\/\/arviexperiences.com\/wp-content\/uploads\/2025\/10\/suenos-cristal-dorado.png 780w, https:\/\/arviexperiences.com\/wp-content\/uploads\/2025\/10\/suenos-cristal-dorado.png 360w\" sizes=\"auto, (max-width: 480px) 150px\" src=\"https:\/\/arviexperiences.com\/wp-content\/uploads\/2025\/10\/suenos-cristal-dorado.png\" alt=\"\" class=\"uag-image-1722\" width=\"400\" height=\"400\" title=\"sue\u00f1os cristal dorado\" loading=\"lazy\" role=\"img\"\/><\/figure><\/div>\n<\/div>\n\n\n\n<div class=\"wp-block-uagb-advanced-heading uagb-block-24301c4a mi-heading\"><h2 class=\"uagb-heading-text\">Intimate Settings. Unforgettable Moments.&nbsp;<\/h2><p class=\"uagb-desc-text\">En Sue\u00f1o de Cristal, concebimos experiencias que se alejan del espect\u00e1culo y se acercan al<br>alma.Celebraciones \u00edntimas, elegantes y profundamente simb\u00f3licas, dise\u00f1adas para quienes<br>valoran la armon\u00eda est\u00e9tica, la confidencialidad absoluta y la emoci\u00f3n bien dirigida.<br>Cada proyecto es \u00fanico. Cada detalle habla en voz baja, pero permanece.<br>Trabajamos con un n\u00famero muy limitado de clientes al a\u00f1o, en Espa\u00f1a y Nicaragua, bajo cita<br>previa y con gesti\u00f3n personalizada.<\/p><\/div>\n\n\n\n\n\n\n<div class=\"wp-block-uagb-advanced-heading uagb-block-3d0bd57b mi-heading\"><h2 class=\"uagb-heading-text\">SERVICIOS<\/h2><\/div>\n\n\n\n<div style=\"height:100px\" aria-hidden=\"true\" class=\"wp-block-spacer\"><\/div>\n\n\n\n<div data-aos= \"flip-down\" data-aos-duration=\"400\" data-aos-delay=\"0\" data-aos-easing=\"ease\" data-aos-once=\"true\" class=\"wp-block-uagb-container uagb-layout-flex uagb-block-7ed0764d alignfull uagb-is-root-container\"><div class=\"uagb-container-inner-blocks-wrap\">\n<div class=\"wp-block-uagb-info-box uagb-block-4b87f502 uagb-infobox__content-wrap  uagb-infobox-icon-above-title uagb-infobox-image-valign-top mi-infobox\"><div class=\"uagb-ifb-content\"><div class=\"uagb-ifb-title-wrap\"><h2 class=\"uagb-ifb-title\">I. Ceremonias\u00a0<\/h2><\/div><p class=\"uagb-ifb-desc\"><em>Uniones dise\u00f1adas como obras de arte emocional.<br>Creamos bodas de destino que trascienden la celebraci\u00f3n tradicional. Cada ceremonia es<br>una composici\u00f3n simb\u00f3lica donde la arquitectura, la naturaleza y la emoci\u00f3n se integran<br>en perfecta armon\u00eda. Desde palacios hist\u00f3ricos hasta villas mediterr\u00e1neas, concebimos un<br>entorno donde la belleza, la serenidad y la autenticidad se funden en una experiencia<br>atemporal, creada para reflejar la esencia m\u00e1s pura de cada pareja.<\/em><\/p><\/div><\/div>\n\n\n\n<div class=\"wp-block-uagb-image uagb-block-3aa05e66 wp-block-uagb-image--layout-default wp-block-uagb-image--effect-static wp-block-uagb-image--align-none\"><figure class=\"wp-block-uagb-image__figure\"><img decoding=\"async\" srcset=\"https:\/\/arviexperiences.com\/wp-content\/uploads\/2025\/09\/B-JUNIO-108-1024x683.jpg ,https:\/\/arviexperiences.com\/wp-content\/uploads\/2025\/09\/B-JUNIO-108-scaled.jpg 780w, https:\/\/arviexperiences.com\/wp-content\/uploads\/2025\/09\/B-JUNIO-108-scaled.jpg 360w\" sizes=\"auto, (max-width: 480px) 150px\" src=\"https:\/\/arviexperiences.com\/wp-content\/uploads\/2025\/09\/B-JUNIO-108-1024x683.jpg\" alt=\"\" class=\"uag-image-1671\" width=\"800\" height=\"600\" title=\"B-JUNIO-108\" loading=\"lazy\" role=\"img\"\/><\/figure><\/div>\n<\/div><\/div>\n\n\n\n<div style=\"height:100px\" aria-hidden=\"true\" class=\"wp-block-spacer\"><\/div>\n\n\n\n<div data-aos= \"flip-down\" data-aos-duration=\"400\" data-aos-delay=\"0\" data-aos-easing=\"ease\" data-aos-once=\"true\" class=\"wp-block-uagb-container uagb-block-1277f1ed alignfull uagb-is-root-container\"><div class=\"uagb-container-inner-blocks-wrap\">\n<div class=\"wp-block-uagb-info-box uagb-block-124c5416 uagb-infobox__content-wrap  uagb-infobox-icon-above-title uagb-infobox-image-valign-top mi-infobox\"><div class=\"uagb-ifb-content\"><div class=\"uagb-ifb-title-wrap\"><h2 class=\"uagb-ifb-title\">II. Celebraciones Privadas.<\/h2><\/div><p class=\"uagb-ifb-desc\"><em>Dise\u00f1os que celebran la vida con elegancia atemporal.<br>Desde nacimientos, aniversarios o momentos personales \u00fanicos, cada experiencia se<br>concibe como una narrativa visual cuidadosamente dirigida. Fusionamos arte floral,<br>direcci\u00f3n esc\u00e9nica e iluminaci\u00f3n emocional para crear atm\u00f3sferas que conmueven sin<br>ostentaci\u00f3n. Cada textura, aroma y sonido es elegido para despertar emociones sutiles y dejar<br>una huella sensorial imborrable.<\/em><\/p><\/div><\/div>\n\n\n\n<div class=\"wp-block-uagb-image uagb-block-5f4584d8 wp-block-uagb-image--layout-default wp-block-uagb-image--effect-static wp-block-uagb-image--align-none\"><figure class=\"wp-block-uagb-image__figure\"><img decoding=\"async\" srcset=\"https:\/\/arviexperiences.com\/wp-content\/uploads\/2025\/09\/Fotografia-de-bautizo-1920x1280-1.jpg ,https:\/\/arviexperiences.com\/wp-content\/uploads\/2025\/09\/Fotografia-de-bautizo-1920x1280-1.jpg 780w, https:\/\/arviexperiences.com\/wp-content\/uploads\/2025\/09\/Fotografia-de-bautizo-1920x1280-1.jpg 360w\" sizes=\"auto, (max-width: 480px) 150px\" src=\"https:\/\/arviexperiences.com\/wp-content\/uploads\/2025\/09\/Fotografia-de-bautizo-1920x1280-1.jpg\" alt=\"\" class=\"uag-image-1674\" width=\"800\" height=\"600\" title=\"Fotografia-de-bautizo-1920x1280\" loading=\"lazy\" role=\"img\"\/><\/figure><\/div>\n<\/div><\/div>\n\n\n\n<div style=\"height:100px\" aria-hidden=\"true\" class=\"wp-block-spacer\"><\/div>\n\n\n\n<div data-aos= \"flip-down\" data-aos-duration=\"400\" data-aos-delay=\"0\" data-aos-easing=\"ease\" data-aos-once=\"true\" class=\"wp-block-uagb-container uagb-layout-flex uagb-block-61a52e57 alignfull uagb-is-root-container\"><div class=\"uagb-container-inner-blocks-wrap\">\n<div class=\"wp-block-uagb-info-box uagb-block-b9469275 uagb-infobox__content-wrap  uagb-infobox-icon-above-title uagb-infobox-image-valign-top mi-infobox\"><div class=\"uagb-ifb-content\"><div class=\"uagb-ifb-title-wrap\"><h2 class=\"uagb-ifb-title\">III. Experiencias Corporativas. \u00a0<\/h2><\/div><p class=\"uagb-ifb-desc\"><em><em>Escenarios que reflejan liderazgo, cultura y distinci\u00f3n.<br>Dise\u00f1amos encuentros empresariales y celebraciones de marca con un enfoque curatorial y<br>una ejecuci\u00f3n impecable. Desde cenas ejecutivas privadas hasta presentaciones de alto nivel,<br>transformamos cada evento en un manifiesto de identidad y excelencia. A trav\u00e9s de la est\u00e9tica,<br>la narrativa y la precisi\u00f3n operativa, proyectamos el alma de cada firma con elegancia y<br>coherencia global.<\/em><\/em><\/p><\/div><\/div>\n\n\n\n<div class=\"wp-block-uagb-image uagb-block-191c37ce wp-block-uagb-image--layout-default wp-block-uagb-image--effect-static wp-block-uagb-image--align-none\"><figure class=\"wp-block-uagb-image__figure\"><img decoding=\"async\" srcset=\"https:\/\/arviexperiences.com\/wp-content\/uploads\/2025\/09\/354_Cenarte.jpg ,https:\/\/arviexperiences.com\/wp-content\/uploads\/2025\/09\/354_Cenarte.jpg 780w, https:\/\/arviexperiences.com\/wp-content\/uploads\/2025\/09\/354_Cenarte.jpg 360w\" sizes=\"auto, (max-width: 480px) 150px\" src=\"https:\/\/arviexperiences.com\/wp-content\/uploads\/2025\/09\/354_Cenarte.jpg\" alt=\"\" class=\"uag-image-1672\" width=\"800\" height=\"600\" title=\"354_Cenarte\" loading=\"lazy\" role=\"img\"\/><\/figure><\/div>\n<\/div><\/div>\n\n\n\n<div style=\"height:100px\" aria-hidden=\"true\" class=\"wp-block-spacer\"><\/div>\n\n\n\n<div style=\"height:100px\" aria-hidden=\"true\" class=\"wp-block-spacer\"><\/div>\n\n\n\n<div class=\"wp-block-uagb-container uagb-block-ba210bf1 alignfull uagb-is-root-container\"><div class=\"uagb-container-inner-blocks-wrap\">\n<div class=\"wp-block-uagb-info-box uagb-block-effbcabb uagb-infobox__content-wrap  uagb-infobox-icon-above-title uagb-infobox-image-valign-top\"><div class=\"uagb-ifb-content\"><div class=\"uagb-ifb-title-wrap\"><h2 class=\"uagb-ifb-title\">\u00ab<em>You imagine it.  <\/em><br><em>We make it happen.<\/em>\u00bb<\/h2><\/div><\/div><\/div>\n<\/div><\/div>\n\n\n\n<p><\/p>","protected":false},"excerpt":{"rendered":"<p>Escenarios Intimos. Momentos inolvidables.&nbsp; En Sue\u00f1o de Cristal, concebimos experiencias que se alejan del espect\u00e1culo y se acercan alalma.Celebraciones \u00edntimas, elegantes y profundamente simb\u00f3licas, dise\u00f1adas para quienesvaloran la armon\u00eda est\u00e9tica, la confidencialidad absoluta y la emoci\u00f3n bien dirigida.Cada proyecto es \u00fanico. Cada detalle habla en voz baja, pero permanece.Trabajamos con un n\u00famero muy limitado de [&hellip;]<\/p>","protected":false},"author":1,"featured_media":0,"parent":0,"menu_order":0,"comment_status":"closed","ping_status":"closed","template":"","meta":{"_uag_custom_page_level_css":"","site-sidebar-layout":"default","site-content-layout":"","ast-site-content-layout":"default","site-content-style":"default","site-sidebar-style":"default","ast-global-header-display":"","ast-banner-title-visibility":"","ast-main-header-display":"","ast-hfb-above-header-display":"","ast-hfb-below-header-display":"","ast-hfb-mobile-header-display":"","site-post-title":"disabled","ast-breadcrumbs-content":"","ast-featured-img":"","footer-sml-layout":"","theme-transparent-header-meta":"","adv-header-id-meta":"","stick-header-meta":"","header-above-stick-meta":"","header-main-stick-meta":"","header-below-stick-meta":"","astra-migrate-meta-layouts":"set","ast-page-background-enabled":"default","ast-page-background-meta":{"desktop":{"background-color":"var(--ast-global-color-4)","background-image":"","background-repeat":"repeat","background-position":"center center","background-size":"auto","background-attachment":"scroll","background-type":"","background-media":"","overlay-type":"","overlay-color":"","overlay-opacity":"","overlay-gradient":""},"tablet":{"background-color":"","background-image":"","background-repeat":"repeat","background-position":"center center","background-size":"auto","background-attachment":"scroll","background-type":"","background-media":"","overlay-type":"","overlay-color":"","overlay-opacity":"","overlay-gradient":""},"mobile":{"background-color":"","background-image":"","background-repeat":"repeat","background-position":"center center","background-size":"auto","background-attachment":"scroll","background-type":"","background-media":"","overlay-type":"","overlay-color":"","overlay-opacity":"","overlay-gradient":""}},"ast-content-background-meta":{"desktop":{"background-color":"var(--ast-global-color-5)","background-image":"","background-repeat":"repeat","background-position":"center center","background-size":"auto","background-attachment":"scroll","background-type":"","background-media":"","overlay-type":"","overlay-color":"","overlay-opacity":"","overlay-gradient":""},"tablet":{"background-color":"var(--ast-global-color-5)","background-image":"","background-repeat":"repeat","background-position":"center center","background-size":"auto","background-attachment":"scroll","background-type":"","background-media":"","overlay-type":"","overlay-color":"","overlay-opacity":"","overlay-gradient":""},"mobile":{"background-color":"var(--ast-global-color-5)","background-image":"","background-repeat":"repeat","background-position":"center center","background-size":"auto","background-attachment":"scroll","background-type":"","background-media":"","overlay-type":"","overlay-color":"","overlay-opacity":"","overlay-gradient":""}},"footnotes":""},"class_list":["post-1192","page","type-page","status-publish","hentry"],"aioseo_notices":[],"uagb_featured_image_src":{"full":false,"thumbnail":false,"medium":false,"medium_large":false,"large":false,"1536x1536":false,"2048x2048":false,"trp-custom-language-flag":false},"uagb_author_info":{"display_name":"arvybolanos@gmail.com","author_link":"https:\/\/arviexperiences.com\/en\/author\/arvybolanosgmail-com\/"},"uagb_comment_info":0,"uagb_excerpt":"Escenarios Intimos. Momentos inolvidables.&nbsp; En Sue\u00f1o de Cristal, concebimos experiencias que se alejan del espect\u00e1culo y se acercan alalma.Celebraciones \u00edntimas, elegantes y profundamente simb\u00f3licas, dise\u00f1adas para quienesvaloran la armon\u00eda est\u00e9tica, la confidencialidad absoluta y la emoci\u00f3n bien dirigida.Cada proyecto es \u00fanico. Cada detalle habla en voz baja, pero permanece.Trabajamos con un n\u00famero muy limitado de&hellip;","_links":{"self":[{"href":"https:\/\/arviexperiences.com\/en\/wp-json\/wp\/v2\/pages\/1192","targetHints":{"allow":["GET"]}}],"collection":[{"href":"https:\/\/arviexperiences.com\/en\/wp-json\/wp\/v2\/pages"}],"about":[{"href":"https:\/\/arviexperiences.com\/en\/wp-json\/wp\/v2\/types\/page"}],"author":[{"embeddable":true,"href":"https:\/\/arviexperiences.com\/en\/wp-json\/wp\/v2\/users\/1"}],"replies":[{"embeddable":true,"href":"https:\/\/arviexperiences.com\/en\/wp-json\/wp\/v2\/comments?post=1192"}],"version-history":[{"count":80,"href":"https:\/\/arviexperiences.com\/en\/wp-json\/wp\/v2\/pages\/1192\/revisions"}],"predecessor-version":[{"id":1782,"href":"https:\/\/arviexperiences.com\/en\/wp-json\/wp\/v2\/pages\/1192\/revisions\/1782"}],"wp:attachment":[{"href":"https:\/\/arviexperiences.com\/en\/wp-json\/wp\/v2\/media?parent=1192"}],"curies":[{"name":"wp","href":"https:\/\/api.w.org\/{rel}","templated":true}]}}